{"id":7112,"date":"2023-06-20T10:45:38","date_gmt":"2023-06-20T08:45:38","guid":{"rendered":"https:\/\/camping-sousmoulin.com\/kontakt-acces\/"},"modified":"2023-11-01T14:21:33","modified_gmt":"2023-11-01T13:21:33","slug":"kontakt-zugang","status":"publish","type":"page","link":"http:\/\/camping-sousmoulin.com\/de\/kontakt-zugang\/","title":{"rendered":"Infos &amp; Kontakte"},"content":{"rendered":"\n<div class=\"wp-block-group is-layout-constrained wp-container-core-group-is-layout-bbbb44a5 wp-block-group-is-layout-constrained\" style=\"padding-top:var(--wp--preset--spacing--60);padding-right:var(--wp--preset--spacing--60);padding-bottom:var(--wp--preset--spacing--60);padding-left:var(--wp--preset--spacing--60)\">\n<h1 class=\"wp-block-heading has-text-align-center has-link-color-color has-text-color\" style=\"margin-top:var(--wp--preset--spacing--60);margin-right:var(--wp--preset--spacing--60);margin-bottom:var(--wp--preset--spacing--60);margin-left:var(--wp--preset--spacing--60);padding-top:var(--wp--preset--spacing--60);padding-right:var(--wp--preset--spacing--60);padding-bottom:var(--wp--preset--spacing--60);padding-left:var(--wp--preset--spacing--60)\">Kontakt und Wegbeschreibung<\/h1>\n\n\n\n<div class=\"wp-block-columns is-layout-flex wp-container-core-columns-is-layout-28f84493 wp-block-columns-is-layout-flex\">\n<div class=\"wp-block-column is-vertically-aligned-top is-layout-flow wp-block-column-is-layout-flow\">\n<h2 class=\"wp-block-heading\">Kontaktieren Sie uns  <\/h2>\n\n\n\n<p>Unser Team steht Ihnen gerne zur Verf\u00fcgung, um Ihnen bei der Planung eines unvergesslichen Urlaubs auf dem <a href=\"https:\/\/camping-sousmoulin.com\/de\/\">Campingplatz Bel Air Village Sous le Moulin<\/a> zu helfen.<br\/>Sie k\u00f6nnen uns \u00fcber unser <strong>Kontaktformular<\/strong>, telefonisch unter <strong>+33 07 86 17 59 12<\/strong> oder per E-Mail an <strong>campingsouslemoulin@belairvillage.fr <\/strong>erreichen, um weitere Informationen zu erhalten. Bereiten Sie sich auf einen entspannenden Ausflug in die bezaubernde Region Jura vor.<\/p>\n<\/div>\n\n\n\n<div class=\"wp-block-column is-layout-flow wp-block-column-is-layout-flow\">\n<div class=\"wp-block-contact-form-7-contact-form-selector formulaire-contact\">\n<div class=\"wpcf7 no-js\" id=\"wpcf7-f7382-o1\" lang=\"de-DE\" dir=\"ltr\" data-wpcf7-id=\"7382\">\n<div class=\"screen-reader-response\"><p role=\"status\" aria-live=\"polite\" aria-atomic=\"true\"><\/p> <ul><\/ul><\/div>\n<form action=\"\/de\/wp-json\/wp\/v2\/pages\/7112#wpcf7-f7382-o1\" method=\"post\" class=\"wpcf7-form init\" id=\"formulaire-contact\" aria-label=\"Kontaktformular\" novalidate=\"novalidate\" data-status=\"init\">\n<div style=\"display: none;\">\n<input type=\"hidden\" name=\"_wpcf7\" value=\"7382\" \/>\n<input type=\"hidden\" name=\"_wpcf7_version\" value=\"6.0.6\" \/>\n<input type=\"hidden\" name=\"_wpcf7_locale\" value=\"de_DE\" \/>\n<input type=\"hidden\" name=\"_wpcf7_unit_tag\" value=\"wpcf7-f7382-o1\" \/>\n<input type=\"hidden\" name=\"_wpcf7_container_post\" value=\"0\" \/>\n<input type=\"hidden\" name=\"_wpcf7_posted_data_hash\" value=\"\" \/>\n<input type=\"hidden\" name=\"_wpcf7_recaptcha_response\" value=\"\" \/>\n<\/div>\n<p><label> Ihr Name<br \/>\n<span class=\"wpcf7-form-control-wrap\" data-name=\"your-name\"><input size=\"40\" maxlength=\"400\" class=\"wpcf7-form-control wpcf7-text wpcf7-validates-as-required\" autocomplete=\"name\" aria-required=\"true\" aria-invalid=\"false\" value=\"\" type=\"text\" name=\"your-name\" \/><\/span> <\/label>\n<\/p>\n<p><label> Ihre E-Mail<br \/>\n<span class=\"wpcf7-form-control-wrap\" data-name=\"your-email\"><input size=\"40\" maxlength=\"400\" class=\"wpcf7-form-control wpcf7-email wpcf7-validates-as-required wpcf7-text wpcf7-validates-as-email\" autocomplete=\"email\" aria-required=\"true\" aria-invalid=\"false\" value=\"\" type=\"email\" name=\"your-email\" \/><\/span> <\/label>\n<\/p>\n<p><label> Objekt<br \/>\n<span class=\"wpcf7-form-control-wrap\" data-name=\"your-subject\"><input size=\"40\" maxlength=\"400\" class=\"wpcf7-form-control wpcf7-text wpcf7-validates-as-required\" aria-required=\"true\" aria-invalid=\"false\" value=\"\" type=\"text\" name=\"your-subject\" \/><\/span> <\/label>\n<\/p>\n<p><label> Ihre Nachricht<br \/>\n<span class=\"wpcf7-form-control-wrap\" data-name=\"your-message\"><textarea cols=\"40\" rows=\"10\" maxlength=\"2000\" class=\"wpcf7-form-control wpcf7-textarea wpcf7-validates-as-required\" aria-required=\"true\" aria-invalid=\"false\" name=\"your-message\"><\/textarea><\/span> <\/label>\n<\/p>\n<p><span class=\"wpcf7-form-control-wrap\" data-name=\"acceptance-553\"><span class=\"wpcf7-form-control wpcf7-acceptance\"><span class=\"wpcf7-list-item\"><label><input type=\"checkbox\" name=\"acceptance-553\" value=\"1\" aria-invalid=\"false\" \/><span class=\"wpcf7-list-item-label\">Indem ich dieses K\u00e4stchen ankreuze, stimme ich der <a href=\"\/de\/datenschutzrichtlinie\/\" rel=\"nofollow\" target=\"_blank\">Datenschutzrichtlinie<\/a> dieser Website zu.<\/span><\/label><\/span><\/span><\/span>\n<\/p>\n<p><input class=\"wpcf7-form-control wpcf7-submit has-spinner\" type=\"submit\" value=\"Schicken\" \/>\n<\/p><div class=\"wpcf7-response-output\" aria-hidden=\"true\"><\/div>\n<\/form>\n<\/div>\n<\/div>\n<\/div>\n<\/div>\n\n\n\n<div class=\"wp-block-columns is-layout-flex wp-container-core-columns-is-layout-28f84493 wp-block-columns-is-layout-flex\">\n<div class=\"wp-block-column is-vertically-aligned-center is-layout-flow wp-block-column-is-layout-flow\">\n<iframe src=\"https:\/\/www.google.com\/maps\/embed?pb=!1m18!1m12!1m3!1d88158.83329696686!2d5.549867142947658!3d46.330418069816325!2m3!1f0!2f0!3f0!3m2!1i1024!2i768!4f13.1!3m3!1m2!1s0x478cbefce1057c0d%3A0xeea30c364b43bdaa!2sCamping%20Bel%20Air%20Village%20Sous%20Le%20Moulin!5e0!3m2!1sfr!2sfr!4v1697023381831!5m2!1sfr!2sfr\" width=\"100%\" height=\"700\" style=\"border:0;\" allowfullscreen=\"\" loading=\"lazy\" referrerpolicy=\"no-referrer-when-downgrade\"><\/iframe>\n<\/div>\n\n\n\n<div class=\"wp-block-column is-vertically-aligned-center is-layout-flow wp-block-column-is-layout-flow\">\n<h2 class=\"wp-block-heading\">Ihre Route zu unserem einladenden Campingplatz in Condes bei Bourg-en-Bresse<\/h2>\n\n\n\n<p>Unser Campingplatz befindet sich an folgender Adresse: <strong>rue de la Plage, 39240 Condes, Frankreich<\/strong>. Einfacher Zugang, Sie k\u00f6nnen die GPS-Koordinaten eingeben: <strong>46.337363994698705, 5.627354492057818<\/strong>.  <\/p>\n\n\n\n<p>Wir freuen uns darauf, Sie f\u00fcr einen unvergesslichen Aufenthalt auf unserem warmen und geselligen Campingplatz begr\u00fc\u00dfen zu d\u00fcrfen.<\/p>\n<\/div>\n<\/div>\n<\/div>\n\n<div class=\"wp-block-group overflow-visible has-background is-layout-constrained wp-container-core-group-is-layout-612028c2 wp-block-group-is-layout-constrained\" style=\"border-top-color:var(--wp--preset--color--white);border-top-width:12rem;border-right-color:var(--wp--preset--color--white);border-bottom-color:var(--wp--preset--color--white);border-left-color:var(--wp--preset--color--white);background:linear-gradient(174deg,rgb(255,255,255) 29%,rgb(222,232,222) 29%);margin-top:0rem;margin-bottom:0;padding-top:var(--wp--preset--spacing--80);padding-bottom:8rem\">\n<h2 class=\"wp-block-heading has-text-align-center\">Entdecken Sie unsere Badebereiche, die Region und unsere Aktivit\u00e4ten :<\/h2>\n\n\n\n<div class=\"wp-block-group animated fadeInUp delay-100ms slow is-content-justification-center is-layout-constrained wp-container-core-group-is-layout-1557714b wp-block-group-is-layout-constrained\" style=\"border-style:none;border-width:0px;border-top-left-radius:0px;border-top-right-radius:0px;border-bottom-left-radius:0px;border-bottom-right-radius:0px\">\n<hr class=\"wp-block-separator has-text-color has-link-color-color has-alpha-channel-opacity has-link-color-background-color has-background animated fadeInUp delay-200ms\"\/>\n<\/div>\n\n\n\r\n<div \r\n     \r\n    class=\"gt-maillage-block animated fadeInUp delay-100ms slow\" \r\n    style=\"\"\r\n>\r\n\r\n    \r\n        \r\n        <article \r\n    class=\"gt-cta gt-cta--page\" \r\n    style=\"aspect-ratio:1\/1\"\r\n>\r\n    <a href=\"http:\/\/camping-sousmoulin.com\/de\/camping-schwimmbad-seeseite-kondens\/\" title=\"Das Baden\" class=\"gt-cta__link\">\r\n        <div class=\"gt-cta__thumb\">\r\n                            <img alt=\"camping piscine chauffee colmars\" decoding=\"async\" width=\"1900\" height=\"450\" src=\"http:\/\/camping-sousmoulin.com\/wp-content\/uploads\/sites\/51\/2023\/06\/camping-piscine-chauffee-colmars.webp\" class=\"attachment-full size-full wp-post-image\" alt=\"\" srcset=\"http:\/\/camping-sousmoulin.com\/wp-content\/uploads\/sites\/51\/2023\/06\/camping-piscine-chauffee-colmars.webp 1900w, http:\/\/camping-sousmoulin.com\/wp-content\/uploads\/sites\/51\/2023\/06\/camping-piscine-chauffee-colmars-300x71.webp 300w, http:\/\/camping-sousmoulin.com\/wp-content\/uploads\/sites\/51\/2023\/06\/camping-piscine-chauffee-colmars-1024x243.webp 1024w, http:\/\/camping-sousmoulin.com\/wp-content\/uploads\/sites\/51\/2023\/06\/camping-piscine-chauffee-colmars-768x182.webp 768w, http:\/\/camping-sousmoulin.com\/wp-content\/uploads\/sites\/51\/2023\/06\/camping-piscine-chauffee-colmars-1536x364.webp 1536w\" sizes=\"(max-width: 1900px) 100vw, 1900px\" \/>                    <\/div>\r\n        <div class=\"gt-cta__content\">\r\n            <div class=\"gt-cta__title\">\r\n                Das Baden            <\/div>\r\n        <\/div>\r\n    <\/a>\r\n<\/article>\r\n    \r\n        <article \r\n    class=\"gt-cta gt-cta--page\" \r\n    style=\"aspect-ratio:1\/1\"\r\n>\r\n    <a href=\"http:\/\/camping-sousmoulin.com\/de\/tourismus-jura\/\" title=\"Tourismus\" class=\"gt-cta__link\">\r\n        <div class=\"gt-cta__thumb\">\r\n                            <img alt=\"pere et fils randonnee jura\" decoding=\"async\" width=\"1900\" height=\"702\" src=\"http:\/\/camping-sousmoulin.com\/wp-content\/uploads\/sites\/51\/2023\/10\/pere-et-fils-randonnee-jura.webp\" class=\"attachment-full size-full wp-post-image\" alt=\"\" srcset=\"http:\/\/camping-sousmoulin.com\/wp-content\/uploads\/sites\/51\/2023\/10\/pere-et-fils-randonnee-jura.webp 1900w, http:\/\/camping-sousmoulin.com\/wp-content\/uploads\/sites\/51\/2023\/10\/pere-et-fils-randonnee-jura-300x111.webp 300w, http:\/\/camping-sousmoulin.com\/wp-content\/uploads\/sites\/51\/2023\/10\/pere-et-fils-randonnee-jura-1024x378.webp 1024w, http:\/\/camping-sousmoulin.com\/wp-content\/uploads\/sites\/51\/2023\/10\/pere-et-fils-randonnee-jura-768x284.webp 768w, http:\/\/camping-sousmoulin.com\/wp-content\/uploads\/sites\/51\/2023\/10\/pere-et-fils-randonnee-jura-1536x568.webp 1536w\" sizes=\"(max-width: 1900px) 100vw, 1900px\" \/>                    <\/div>\r\n        <div class=\"gt-cta__content\">\r\n            <div class=\"gt-cta__title\">\r\n                Tourismus            <\/div>\r\n        <\/div>\r\n    <\/a>\r\n<\/article>\r\n    \r\n        <article \r\n    class=\"gt-cta gt-cta--page\" \r\n    style=\"aspect-ratio:1\/1\"\r\n>\r\n    <a href=\"http:\/\/camping-sousmoulin.com\/de\/camping-aktivitaeten-kondens\/\" title=\"Aktivit\u00e4ten und Animationen\" class=\"gt-cta__link\">\r\n        <div class=\"gt-cta__thumb\">\r\n                            <img alt=\"animation petanque sous le moulin\" decoding=\"async\" width=\"1900\" height=\"702\" src=\"http:\/\/camping-sousmoulin.com\/wp-content\/uploads\/sites\/51\/2023\/10\/animation-petanque-sous-le-moulin.webp\" class=\"attachment-full size-full wp-post-image\" alt=\"\" srcset=\"http:\/\/camping-sousmoulin.com\/wp-content\/uploads\/sites\/51\/2023\/10\/animation-petanque-sous-le-moulin.webp 1900w, http:\/\/camping-sousmoulin.com\/wp-content\/uploads\/sites\/51\/2023\/10\/animation-petanque-sous-le-moulin-300x111.webp 300w, http:\/\/camping-sousmoulin.com\/wp-content\/uploads\/sites\/51\/2023\/10\/animation-petanque-sous-le-moulin-1024x378.webp 1024w, http:\/\/camping-sousmoulin.com\/wp-content\/uploads\/sites\/51\/2023\/10\/animation-petanque-sous-le-moulin-768x284.webp 768w, http:\/\/camping-sousmoulin.com\/wp-content\/uploads\/sites\/51\/2023\/10\/animation-petanque-sous-le-moulin-1536x568.webp 1536w\" sizes=\"(max-width: 1900px) 100vw, 1900px\" \/>                    <\/div>\r\n        <div class=\"gt-cta__content\">\r\n            <div class=\"gt-cta__title\">\r\n                Aktivit\u00e4ten und Animationen            <\/div>\r\n        <\/div>\r\n    <\/a>\r\n<\/article>\r\n            \r\n<\/div><\/div>\n","protected":false},"excerpt":{"rendered":"<p>Kontakt und Wegbeschreibung Kontaktieren Sie uns Unser Team steht Ihnen gerne zur Verf\u00fcgung, um Ihnen bei der Planung eines unvergesslichen Urlaubs auf dem Campingplatz Bel Air Village Sous le Moulin zu helfen.Sie k\u00f6nnen uns \u00fcber unser Kontaktformular, telefonisch unter +33 07 86 17 59 12 oder per E-Mail an campingsouslemoulin@belairvillage.fr erreichen, um weitere Informationen zu [&hellip;]<\/p>\n","protected":false},"author":1,"featured_media":7116,"parent":0,"menu_order":26,"comment_status":"closed","ping_status":"closed","template":"","meta":{"_acf_changed":false,"footnotes":""},"class_list":["post-7112","page","type-page","status-publish","has-post-thumbnail","hentry"],"acf":[],"yoast_head":"<!-- This site is optimized with the Yoast SEO plugin v24.8.1 - https:\/\/yoast.com\/wordpress\/plugins\/seo\/ -->\n<title>Kontakt zum Campingplatz in der N\u00e4he von Bourg-en-Bresse | Anreise zum Campingplatz Jura<\/title>\n<meta name=\"robots\" content=\"index, follow, max-snippet:-1, max-image-preview:large, max-video-preview:-1\" \/>\n<link rel=\"canonical\" href=\"http:\/\/camping-sousmoulin.com\/de\/kontakt-zugang\/\" \/>\n<meta property=\"og:locale\" content=\"de_DE\" \/>\n<meta property=\"og:type\" content=\"article\" \/>\n<meta property=\"og:title\" content=\"Kontakt zum Campingplatz in der N\u00e4he von Bourg-en-Bresse | Anreise zum Campingplatz Jura\" \/>\n<meta property=\"og:description\" content=\"Kontakt und Wegbeschreibung Kontaktieren Sie uns Unser Team steht Ihnen gerne zur Verf\u00fcgung, um Ihnen bei der Planung eines unvergesslichen Urlaubs auf dem Campingplatz Bel Air Village Sous le Moulin zu helfen.Sie k\u00f6nnen uns \u00fcber unser Kontaktformular, telefonisch unter +33 07 86 17 59 12 oder per E-Mail an campingsouslemoulin@belairvillage.fr erreichen, um weitere Informationen zu [&hellip;]\" \/>\n<meta property=\"og:url\" content=\"http:\/\/camping-sousmoulin.com\/de\/kontakt-zugang\/\" \/>\n<meta property=\"og:site_name\" content=\"Camping Bel Air Village Sous le Moulin - Site Officiel - Meilleur Prix Garanti\" \/>\n<meta property=\"article:modified_time\" content=\"2023-11-01T13:21:33+00:00\" \/>\n<meta property=\"og:image\" content=\"https:\/\/camping-sousmoulin.com\/wp-content\/uploads\/sites\/51\/2023\/10\/accueil-groupe-explications-randonnees.webp\" \/>\n\t<meta property=\"og:image:width\" content=\"1900\" \/>\n\t<meta property=\"og:image:height\" content=\"702\" \/>\n\t<meta property=\"og:image:type\" content=\"image\/webp\" \/>\n<meta name=\"twitter:card\" content=\"summary_large_image\" \/>\n<meta name=\"twitter:label1\" content=\"Gesch\u00e4tzte Lesezeit\" \/>\n\t<meta name=\"twitter:data1\" content=\"1\u00a0Minute\" \/>\n<script type=\"application\/ld+json\" class=\"yoast-schema-graph\">{\"@context\":\"https:\/\/schema.org\",\"@graph\":[{\"@type\":\"WebPage\",\"@id\":\"http:\/\/camping-sousmoulin.com\/de\/kontakt-zugang\/\",\"url\":\"http:\/\/camping-sousmoulin.com\/de\/kontakt-zugang\/\",\"name\":\"Kontakt zum Campingplatz in der N\u00e4he von Bourg-en-Bresse | Anreise zum Campingplatz Jura\",\"isPartOf\":{\"@id\":\"https:\/\/camping-sousmoulin.com\/de\/#website\"},\"primaryImageOfPage\":{\"@id\":\"http:\/\/camping-sousmoulin.com\/de\/kontakt-zugang\/#primaryimage\"},\"image\":{\"@id\":\"http:\/\/camping-sousmoulin.com\/de\/kontakt-zugang\/#primaryimage\"},\"thumbnailUrl\":\"http:\/\/camping-sousmoulin.com\/wp-content\/uploads\/sites\/51\/2023\/10\/accueil-groupe-explications-randonnees.webp\",\"datePublished\":\"2023-06-20T08:45:38+00:00\",\"dateModified\":\"2023-11-01T13:21:33+00:00\",\"breadcrumb\":{\"@id\":\"http:\/\/camping-sousmoulin.com\/de\/kontakt-zugang\/#breadcrumb\"},\"inLanguage\":\"de\",\"potentialAction\":[{\"@type\":\"ReadAction\",\"target\":[\"http:\/\/camping-sousmoulin.com\/de\/kontakt-zugang\/\"]}]},{\"@type\":\"ImageObject\",\"inLanguage\":\"de\",\"@id\":\"http:\/\/camping-sousmoulin.com\/de\/kontakt-zugang\/#primaryimage\",\"url\":\"http:\/\/camping-sousmoulin.com\/wp-content\/uploads\/sites\/51\/2023\/10\/accueil-groupe-explications-randonnees.webp\",\"contentUrl\":\"http:\/\/camping-sousmoulin.com\/wp-content\/uploads\/sites\/51\/2023\/10\/accueil-groupe-explications-randonnees.webp\",\"width\":1900,\"height\":702},{\"@type\":\"BreadcrumbList\",\"@id\":\"http:\/\/camping-sousmoulin.com\/de\/kontakt-zugang\/#breadcrumb\",\"itemListElement\":[{\"@type\":\"ListItem\",\"position\":1,\"name\":\"Startseite\",\"item\":\"https:\/\/camping-sousmoulin.com\/de\/\"},{\"@type\":\"ListItem\",\"position\":2,\"name\":\"Kontakt, Zugang\"}]},{\"@type\":\"WebSite\",\"@id\":\"https:\/\/camping-sousmoulin.com\/de\/#website\",\"url\":\"https:\/\/camping-sousmoulin.com\/de\/\",\"name\":\"Camping Bel Air Village Sous le Moulin - Site Officiel - Meilleur Prix Garanti\",\"description\":\"\",\"publisher\":{\"@id\":\"https:\/\/camping-sousmoulin.com\/de\/#organization\"},\"potentialAction\":[{\"@type\":\"SearchAction\",\"target\":{\"@type\":\"EntryPoint\",\"urlTemplate\":\"https:\/\/camping-sousmoulin.com\/de\/?s={search_term_string}\"},\"query-input\":{\"@type\":\"PropertyValueSpecification\",\"valueRequired\":true,\"valueName\":\"search_term_string\"}}],\"inLanguage\":\"de\"},{\"@type\":\"Organization\",\"@id\":\"https:\/\/camping-sousmoulin.com\/de\/#organization\",\"name\":\"Campings Bel air Village\",\"alternateName\":\"BaV\",\"url\":\"https:\/\/camping-sousmoulin.com\/de\/\",\"logo\":{\"@type\":\"ImageObject\",\"inLanguage\":\"de\",\"@id\":\"https:\/\/camping-sousmoulin.com\/de\/#\/schema\/logo\/image\/\",\"url\":\"http:\/\/camping-sousmoulin.com\/wp-content\/uploads\/sites\/51\/2023\/10\/logo-sous-le-moulin.png\",\"contentUrl\":\"http:\/\/camping-sousmoulin.com\/wp-content\/uploads\/sites\/51\/2023\/10\/logo-sous-le-moulin.png\",\"width\":2048,\"height\":788,\"caption\":\"Campings Bel air Village\"},\"image\":{\"@id\":\"https:\/\/camping-sousmoulin.com\/de\/#\/schema\/logo\/image\/\"}}]}<\/script>\n<!-- \/ Yoast SEO plugin. -->","yoast_head_json":{"title":"Kontakt zum Campingplatz in der N\u00e4he von Bourg-en-Bresse | Anreise zum Campingplatz Jura","robots":{"index":"index","follow":"follow","max-snippet":"max-snippet:-1","max-image-preview":"max-image-preview:large","max-video-preview":"max-video-preview:-1"},"canonical":"http:\/\/camping-sousmoulin.com\/de\/kontakt-zugang\/","og_locale":"de_DE","og_type":"article","og_title":"Kontakt zum Campingplatz in der N\u00e4he von Bourg-en-Bresse | Anreise zum Campingplatz Jura","og_description":"Kontakt und Wegbeschreibung Kontaktieren Sie uns Unser Team steht Ihnen gerne zur Verf\u00fcgung, um Ihnen bei der Planung eines unvergesslichen Urlaubs auf dem Campingplatz Bel Air Village Sous le Moulin zu helfen.Sie k\u00f6nnen uns \u00fcber unser Kontaktformular, telefonisch unter +33 07 86 17 59 12 oder per E-Mail an campingsouslemoulin@belairvillage.fr erreichen, um weitere Informationen zu [&hellip;]","og_url":"http:\/\/camping-sousmoulin.com\/de\/kontakt-zugang\/","og_site_name":"Camping Bel Air Village Sous le Moulin - Site Officiel - Meilleur Prix Garanti","article_modified_time":"2023-11-01T13:21:33+00:00","og_image":[{"width":1900,"height":702,"url":"https:\/\/camping-sousmoulin.com\/wp-content\/uploads\/sites\/51\/2023\/10\/accueil-groupe-explications-randonnees.webp","type":"image\/webp"}],"twitter_card":"summary_large_image","twitter_misc":{"Gesch\u00e4tzte Lesezeit":"1\u00a0Minute"},"schema":{"@context":"https:\/\/schema.org","@graph":[{"@type":"WebPage","@id":"http:\/\/camping-sousmoulin.com\/de\/kontakt-zugang\/","url":"http:\/\/camping-sousmoulin.com\/de\/kontakt-zugang\/","name":"Kontakt zum Campingplatz in der N\u00e4he von Bourg-en-Bresse | Anreise zum Campingplatz Jura","isPartOf":{"@id":"https:\/\/camping-sousmoulin.com\/de\/#website"},"primaryImageOfPage":{"@id":"http:\/\/camping-sousmoulin.com\/de\/kontakt-zugang\/#primaryimage"},"image":{"@id":"http:\/\/camping-sousmoulin.com\/de\/kontakt-zugang\/#primaryimage"},"thumbnailUrl":"http:\/\/camping-sousmoulin.com\/wp-content\/uploads\/sites\/51\/2023\/10\/accueil-groupe-explications-randonnees.webp","datePublished":"2023-06-20T08:45:38+00:00","dateModified":"2023-11-01T13:21:33+00:00","breadcrumb":{"@id":"http:\/\/camping-sousmoulin.com\/de\/kontakt-zugang\/#breadcrumb"},"inLanguage":"de","potentialAction":[{"@type":"ReadAction","target":["http:\/\/camping-sousmoulin.com\/de\/kontakt-zugang\/"]}]},{"@type":"ImageObject","inLanguage":"de","@id":"http:\/\/camping-sousmoulin.com\/de\/kontakt-zugang\/#primaryimage","url":"http:\/\/camping-sousmoulin.com\/wp-content\/uploads\/sites\/51\/2023\/10\/accueil-groupe-explications-randonnees.webp","contentUrl":"http:\/\/camping-sousmoulin.com\/wp-content\/uploads\/sites\/51\/2023\/10\/accueil-groupe-explications-randonnees.webp","width":1900,"height":702},{"@type":"BreadcrumbList","@id":"http:\/\/camping-sousmoulin.com\/de\/kontakt-zugang\/#breadcrumb","itemListElement":[{"@type":"ListItem","position":1,"name":"Startseite","item":"https:\/\/camping-sousmoulin.com\/de\/"},{"@type":"ListItem","position":2,"name":"Kontakt, Zugang"}]},{"@type":"WebSite","@id":"https:\/\/camping-sousmoulin.com\/de\/#website","url":"https:\/\/camping-sousmoulin.com\/de\/","name":"Camping Bel Air Village Sous le Moulin - Site Officiel - Meilleur Prix Garanti","description":"","publisher":{"@id":"https:\/\/camping-sousmoulin.com\/de\/#organization"},"potentialAction":[{"@type":"SearchAction","target":{"@type":"EntryPoint","urlTemplate":"https:\/\/camping-sousmoulin.com\/de\/?s={search_term_string}"},"query-input":{"@type":"PropertyValueSpecification","valueRequired":true,"valueName":"search_term_string"}}],"inLanguage":"de"},{"@type":"Organization","@id":"https:\/\/camping-sousmoulin.com\/de\/#organization","name":"Campings Bel air Village","alternateName":"BaV","url":"https:\/\/camping-sousmoulin.com\/de\/","logo":{"@type":"ImageObject","inLanguage":"de","@id":"https:\/\/camping-sousmoulin.com\/de\/#\/schema\/logo\/image\/","url":"http:\/\/camping-sousmoulin.com\/wp-content\/uploads\/sites\/51\/2023\/10\/logo-sous-le-moulin.png","contentUrl":"http:\/\/camping-sousmoulin.com\/wp-content\/uploads\/sites\/51\/2023\/10\/logo-sous-le-moulin.png","width":2048,"height":788,"caption":"Campings Bel air Village"},"image":{"@id":"https:\/\/camping-sousmoulin.com\/de\/#\/schema\/logo\/image\/"}}]}},"_links":{"self":[{"href":"http:\/\/camping-sousmoulin.com\/de\/wp-json\/wp\/v2\/pages\/7112","targetHints":{"allow":["GET"]}}],"collection":[{"href":"http:\/\/camping-sousmoulin.com\/de\/wp-json\/wp\/v2\/pages"}],"about":[{"href":"http:\/\/camping-sousmoulin.com\/de\/wp-json\/wp\/v2\/types\/page"}],"author":[{"embeddable":true,"href":"http:\/\/camping-sousmoulin.com\/de\/wp-json\/wp\/v2\/users\/1"}],"replies":[{"embeddable":true,"href":"http:\/\/camping-sousmoulin.com\/de\/wp-json\/wp\/v2\/comments?post=7112"}],"version-history":[{"count":4,"href":"http:\/\/camping-sousmoulin.com\/de\/wp-json\/wp\/v2\/pages\/7112\/revisions"}],"predecessor-version":[{"id":7488,"href":"http:\/\/camping-sousmoulin.com\/de\/wp-json\/wp\/v2\/pages\/7112\/revisions\/7488"}],"wp:featuredmedia":[{"embeddable":true,"href":"http:\/\/camping-sousmoulin.com\/de\/wp-json\/wp\/v2\/media\/7116"}],"wp:attachment":[{"href":"http:\/\/camping-sousmoulin.com\/de\/wp-json\/wp\/v2\/media?parent=7112"}],"curies":[{"name":"wp","href":"https:\/\/api.w.org\/{rel}","templated":true}]}}